{"id":11524,"date":"2026-02-09T15:44:36","date_gmt":"2026-02-09T15:44:36","guid":{"rendered":"https:\/\/content.lis-beth.de\/?page_id=11524"},"modified":"2026-02-09T15:48:04","modified_gmt":"2026-02-09T15:48:04","slug":"valentinstag-2026","status":"publish","type":"page","link":"https:\/\/content.lis-beth.de\/?page_id=11524","title":{"rendered":"VALENTINSTAG 2026"},"content":{"rendered":"<p><img decoding=\"async\" src=\"https:\/\/content.lis-beth.de\/wp-content\/uploads\/2026\/02\/Valentin2024.jpg\"><\/p>\n<p>LOVE IS A BOUQUET OF FLOWERS &#x1f495;<\/p>\n<p>Am Samstag, 14. Februar 2026 ist Valentinstag! Sehr gerne nehmen wir eure Vorbestellungen bis einschlie\u00dflich Donnerstag, 12. Februar 2026 entgegen. Ruft uns einfach kurz an ( 07131 9082454 ) , kommt im Laden vorbei oder schreibt uns eine Mail an <strong>hallo@lis-beth.de<\/strong> So spart ihr euch am Samstag Zeit &#x1f60a;<\/p>\n<p>Ihr findet bereits ab Freitag, 13. Februar 2026 eine sch\u00f6ne Auswahl an Str\u00e4u\u00dfen bei uns im Laden.&nbsp;<\/p>\n<p>Unsere \u00d6ffnungszeiten:&nbsp;<\/p>\n<ul>\n<li>Freitag, 13. Februar 2026: 9 &#8211; 12.30 und 14 &#8211; 18 Uhr<\/li>\n<li>Samstag, 14. Februar 2026: 8 &#8211; 13 Uhr<\/li>\n<\/ul>\n<p>WICHTIG &#x203c;&#xfe0f;<br \/>\nRote Rosen &#x1f339;gibt es wie jedes Jahr AUSSCHLIE\u00dfLICH auf Vorbestellung. Wir haben uns ein kleines Kontingent bester Qualit\u00e4t zu einem f\u00fcr den Valentinstag fairen Festpreis gesichert. Wer also zuerst kommt malt zuerst &#x263a;&#xfe0f;<\/p>\n<p>Wir freuen uns auf euch.<br \/>\nHerzliche Gr\u00fc\u00dfe<br \/>\nEuer Lisbeth Team<\/p>\n","protected":false},"excerpt":{"rendered":"<p>LOVE IS A BOUQUET OF FLOWERS &#x1f495; Am Samstag, 14. Februar 2026 ist Valentinstag! Sehr gerne nehmen wir eure Vorbestellungen [&hellip;]<\/p>\n","protected":false},"author":1,"featured_media":0,"parent":0,"menu_order":0,"comment_status":"closed","ping_status":"closed","template":"","meta":{"inline_featured_image":false,"ngg_post_thumbnail":0,"footnotes":""},"class_list":["post-11524","page","type-page","status-publish","hentry"],"_links":{"self":[{"href":"https:\/\/content.lis-beth.de\/index.php?rest_route=\/wp\/v2\/pages\/11524","targetHints":{"allow":["GET"]}}],"collection":[{"href":"https:\/\/content.lis-beth.de\/index.php?rest_route=\/wp\/v2\/pages"}],"about":[{"href":"https:\/\/content.lis-beth.de\/index.php?rest_route=\/wp\/v2\/types\/page"}],"author":[{"embeddable":true,"href":"https:\/\/content.lis-beth.de\/index.php?rest_route=\/wp\/v2\/users\/1"}],"replies":[{"embeddable":true,"href":"https:\/\/content.lis-beth.de\/index.php?rest_route=%2Fwp%2Fv2%2Fcomments&post=11524"}],"version-history":[{"count":3,"href":"https:\/\/content.lis-beth.de\/index.php?rest_route=\/wp\/v2\/pages\/11524\/revisions"}],"predecessor-version":[{"id":11530,"href":"https:\/\/content.lis-beth.de\/index.php?rest_route=\/wp\/v2\/pages\/11524\/revisions\/11530"}],"wp:attachment":[{"href":"https:\/\/content.lis-beth.de\/index.php?rest_route=%2Fwp%2Fv2%2Fmedia&parent=11524"}],"curies":[{"name":"wp","href":"https:\/\/api.w.org\/{rel}","templated":true}]}}