{"id":1595,"date":"2021-01-06T20:52:06","date_gmt":"2021-01-06T20:52:06","guid":{"rendered":"https:\/\/content.lis-beth.de\/?page_id=1595"},"modified":"2022-04-26T16:12:08","modified_gmt":"2022-04-26T16:12:08","slug":"lieferoptionen","status":"publish","type":"page","link":"https:\/\/content.lis-beth.de\/?page_id=1595","title":{"rendered":"Lieferoptionen"},"content":{"rendered":"<h3>Abholung im Gesch\u00e4ft<\/h3>\n<p>Kostenlose Abholung deiner Bestellung in unserem Gesch\u00e4ft in der Ilsfelder Stra\u00dfe 2 in 74223 Flein ab einer vorab vereinbarten Uhrzeit.<\/p>\n<h3> Lieferung nach Hause<\/h3>\n<p>Lieferung deiner Bestellung an die von dir gew\u00fcnschte Lieferadresse. Wir beliefern folgende Postleitzahlengebiete:<\/p>\n<ul>\n<li>74223 Flein \u20ac 5,-<\/li>\n<li>74081 Heilbronn-Sontheim \u20ac 7,-<\/li>\n<li>74081 Heilbronn-Horkheim \u20ac 7,-<\/li>\n<li>74072 Heilbronn \u20ac 9,-<\/li>\n<li>74074 Heilbronn \u20ac 8,-<\/li>\n<li>74076 Heilbronn \u20ac 12,-<\/li>\n<li>74080 Heilbronn-B\u00f6ckingen \u20ac 10,-<\/li>\n<li>74338 Talheim \u20ac 7,-<\/li>\n<\/ul>\n<p>Weitere Orte auf Anfrage.<\/p>\n<h3> Versand per Post<\/h3>\n<p>Wir versenden ausschlie\u00dflich Gutscheine per Post. Die von dir bestellten Gutscheine verschicken wir h\u00fcbsch verpackt f\u00fcr \u20ac 1,95 mit der Post. Blumen und Pflanzen, finden wir, kann man am Besten beim Floristen vor Ort einkaufen, deshalb versenden wir diese nicht mit der Post \ud83d\ude42<\/p>\n","protected":false},"excerpt":{"rendered":"<p>Abholung im Gesch\u00e4ft Kostenlose Abholung deiner Bestellung in unserem Gesch\u00e4ft in der Ilsfelder Stra\u00dfe 2 in 74223 Flein ab einer [&hellip;]<\/p>\n","protected":false},"author":1,"featured_media":0,"parent":0,"menu_order":0,"comment_status":"closed","ping_status":"closed","template":"","meta":{"inline_featured_image":false,"ngg_post_thumbnail":0,"footnotes":""},"class_list":["post-1595","page","type-page","status-publish","hentry"],"_links":{"self":[{"href":"https:\/\/content.lis-beth.de\/index.php?rest_route=\/wp\/v2\/pages\/1595","targetHints":{"allow":["GET"]}}],"collection":[{"href":"https:\/\/content.lis-beth.de\/index.php?rest_route=\/wp\/v2\/pages"}],"about":[{"href":"https:\/\/content.lis-beth.de\/index.php?rest_route=\/wp\/v2\/types\/page"}],"author":[{"embeddable":true,"href":"https:\/\/content.lis-beth.de\/index.php?rest_route=\/wp\/v2\/users\/1"}],"replies":[{"embeddable":true,"href":"https:\/\/content.lis-beth.de\/index.php?rest_route=%2Fwp%2Fv2%2Fcomments&post=1595"}],"version-history":[{"count":8,"href":"https:\/\/content.lis-beth.de\/index.php?rest_route=\/wp\/v2\/pages\/1595\/revisions"}],"predecessor-version":[{"id":3091,"href":"https:\/\/content.lis-beth.de\/index.php?rest_route=\/wp\/v2\/pages\/1595\/revisions\/3091"}],"wp:attachment":[{"href":"https:\/\/content.lis-beth.de\/index.php?rest_route=%2Fwp%2Fv2%2Fmedia&parent=1595"}],"curies":[{"name":"wp","href":"https:\/\/api.w.org\/{rel}","templated":true}]}}