{"id":1598,"date":"2021-01-06T20:53:08","date_gmt":"2021-01-06T20:53:08","guid":{"rendered":"https:\/\/content.lis-beth.de\/?page_id=1598"},"modified":"2022-04-26T14:20:14","modified_gmt":"2022-04-26T14:20:14","slug":"lieferzeiten","status":"publish","type":"page","link":"https:\/\/content.lis-beth.de\/?page_id=1598","title":{"rendered":"Lieferzeiten"},"content":{"rendered":"<h3>Abhol- und Lieferzeiten allgemein<\/h3>\n<p>Die Abholung  <b> vorbesteller <\/b> Ware ist w\u00e4hrend unserer regul\u00e4ren <a href=\"https:\/\/content.lis-beth.de\/?page_id=667\" target=\"_blank\" rel=\"noopener\"> \u00d6ffnungszeiten <\/a> ab einer vorab <b> vereinbarten Uhrzeit <\/b> m\u00f6glich.<br \/>\nDie Auslieferung unserer Bestellungen erfolgt werktags in der Regel vormittags. Falls ihr\/die zu beliefernde Person vormittags nicht zu Hause seid, ist nach R\u00fccksprache in der Regel auch eine Lieferung am (sp\u00e4ten) Nachmittag m\u00f6glich.<br \/>\nBitte habt Verst\u00e4ndnis daf\u00fcr, dass wir euch keine bestimmte Uhrzeit f\u00fcr die Lieferung zusagen k\u00f6nnen, da wir oft viele Str\u00e4u\u00dfe zu liefern haben.<br \/>\n&nbsp;<\/p>\n<h3>Schnittblumen und Str\u00e4u\u00dfe<\/h3>\n<p>Schnittblumen sind ein verderbliches Gut. Wir legen gro\u00dfen Wert auf Qualit\u00e4t und Frische und halten deshalb immer nur einen begrenzten Vorrat an Blumen vor. Erlaube uns deshalb bitte einen Vorlauf von 2-3 Werktagen f\u00fcr deine Schnittblumenbestellung. Deinen gew\u00fcnschten Liefertermin kannst du auf der jeweiligen Strau\u00df Produktseite ausw\u00e4hlen. Falls du kurzfristig Blumen z.B. f\u00fcr einen Geburtstag bestellen m\u00f6chtest, ruf uns einfach kurz an (07131 908 24 54) und wir finden gemeinsam eine L\u00f6sung<\/p>\n<h3>Zierpflanzen<\/h3>\n<p>Sind sofort verf\u00fcgbar und k\u00f6nnen noch am gleichen Tag kontaktlos abgeholt oder am folgenden Werktag geliefert werden.<\/p>\n<h3>Vasen, \u00dcbert\u00f6pfe, Deko, Accessoires und Gutscheine<\/h3>\n<p>Sind sofort verf\u00fcgbar und k\u00f6nnen noch am gleichen Tag kontaktlos abgeholt oder am folgenden Werktag geliefert werden. Bei Versendung via Brief\/Paket, erlaubt uns bitte eine Bearbeitungszeit von 1-2 Werktagen + den Postweg.<\/p>\n","protected":false},"excerpt":{"rendered":"<p>Abhol- und Lieferzeiten allgemein Die Abholung vorbesteller Ware ist w\u00e4hrend unserer regul\u00e4ren \u00d6ffnungszeiten ab einer vorab vereinbarten Uhrzeit m\u00f6glich. Die [&hellip;]<\/p>\n","protected":false},"author":1,"featured_media":0,"parent":0,"menu_order":0,"comment_status":"closed","ping_status":"closed","template":"","meta":{"inline_featured_image":false,"ngg_post_thumbnail":0,"footnotes":""},"class_list":["post-1598","page","type-page","status-publish","hentry"],"_links":{"self":[{"href":"https:\/\/content.lis-beth.de\/index.php?rest_route=\/wp\/v2\/pages\/1598","targetHints":{"allow":["GET"]}}],"collection":[{"href":"https:\/\/content.lis-beth.de\/index.php?rest_route=\/wp\/v2\/pages"}],"about":[{"href":"https:\/\/content.lis-beth.de\/index.php?rest_route=\/wp\/v2\/types\/page"}],"author":[{"embeddable":true,"href":"https:\/\/content.lis-beth.de\/index.php?rest_route=\/wp\/v2\/users\/1"}],"replies":[{"embeddable":true,"href":"https:\/\/content.lis-beth.de\/index.php?rest_route=%2Fwp%2Fv2%2Fcomments&post=1598"}],"version-history":[{"count":7,"href":"https:\/\/content.lis-beth.de\/index.php?rest_route=\/wp\/v2\/pages\/1598\/revisions"}],"predecessor-version":[{"id":3085,"href":"https:\/\/content.lis-beth.de\/index.php?rest_route=\/wp\/v2\/pages\/1598\/revisions\/3085"}],"wp:attachment":[{"href":"https:\/\/content.lis-beth.de\/index.php?rest_route=%2Fwp%2Fv2%2Fmedia&parent=1598"}],"curies":[{"name":"wp","href":"https:\/\/api.w.org\/{rel}","templated":true}]}}