{"id":1600,"date":"2021-01-06T20:55:06","date_gmt":"2021-01-06T20:55:06","guid":{"rendered":"https:\/\/content.lis-beth.de\/?page_id=1600"},"modified":"2021-01-06T21:10:39","modified_gmt":"2021-01-06T21:10:39","slug":"zahlungsarten","status":"publish","type":"page","link":"https:\/\/content.lis-beth.de\/?page_id=1600","title":{"rendered":"Zahlungsarten"},"content":{"rendered":"<h3><label for=\"payment_method_bacs\">Direkte Bank\u00fcberweisung<\/label><\/h3>\n<div class=\"payment_box payment_method_bacs\">\n<p>\u00dcberweise einfach direkt an unsere Bankverbindung. Bitte nutze unbedingt die Rechnungsnummer als Verwendungszweck deiner \u00dcberweisung. Deine Bestellung wird erst nach Geldeingang auf unserem Konto versandt.<\/p>\n<\/div>\n<h3>Paypal<\/h3>\n<div class=\"payment_box payment_method_paypal\">\nZahle ganz einfach bequem via Paypal.<\/p>\n<\/div>\n","protected":false},"excerpt":{"rendered":"<p>Direkte Bank\u00fcberweisung \u00dcberweise einfach direkt an unsere Bankverbindung. Bitte nutze unbedingt die Rechnungsnummer als Verwendungszweck deiner \u00dcberweisung. Deine Bestellung wird [&hellip;]<\/p>\n","protected":false},"author":1,"featured_media":0,"parent":0,"menu_order":0,"comment_status":"closed","ping_status":"closed","template":"","meta":{"inline_featured_image":false,"ngg_post_thumbnail":0,"footnotes":""},"class_list":["post-1600","page","type-page","status-publish","hentry"],"_links":{"self":[{"href":"https:\/\/content.lis-beth.de\/index.php?rest_route=\/wp\/v2\/pages\/1600","targetHints":{"allow":["GET"]}}],"collection":[{"href":"https:\/\/content.lis-beth.de\/index.php?rest_route=\/wp\/v2\/pages"}],"about":[{"href":"https:\/\/content.lis-beth.de\/index.php?rest_route=\/wp\/v2\/types\/page"}],"author":[{"embeddable":true,"href":"https:\/\/content.lis-beth.de\/index.php?rest_route=\/wp\/v2\/users\/1"}],"replies":[{"embeddable":true,"href":"https:\/\/content.lis-beth.de\/index.php?rest_route=%2Fwp%2Fv2%2Fcomments&post=1600"}],"version-history":[{"count":3,"href":"https:\/\/content.lis-beth.de\/index.php?rest_route=\/wp\/v2\/pages\/1600\/revisions"}],"predecessor-version":[{"id":1603,"href":"https:\/\/content.lis-beth.de\/index.php?rest_route=\/wp\/v2\/pages\/1600\/revisions\/1603"}],"wp:attachment":[{"href":"https:\/\/content.lis-beth.de\/index.php?rest_route=%2Fwp%2Fv2%2Fmedia&parent=1600"}],"curies":[{"name":"wp","href":"https:\/\/api.w.org\/{rel}","templated":true}]}}