{"id":2594,"date":"2022-04-21T13:53:49","date_gmt":"2022-04-21T13:53:49","guid":{"rendered":"https:\/\/content.lis-beth.de\/?page_id=2594"},"modified":"2022-04-21T14:18:52","modified_gmt":"2022-04-21T14:18:52","slug":"imagefilm","status":"publish","type":"page","link":"https:\/\/content.lis-beth.de\/?page_id=2594","title":{"rendered":"Gr\u00fcnderpreis 2021"},"content":{"rendered":"\n<figure class=\"wp-block-image size-large\"><img loading=\"lazy\" decoding=\"async\" width=\"1024\" height=\"735\" src=\"https:\/\/content.lis-beth.de\/wp-content\/uploads\/2022\/04\/gruenderpreis-bioed-1024x735.jpg\" alt=\"\" class=\"wp-image-2611\" srcset=\"https:\/\/content.lis-beth.de\/wp-content\/uploads\/2022\/04\/gruenderpreis-bioed-1024x735.jpg 1024w, https:\/\/content.lis-beth.de\/wp-content\/uploads\/2022\/04\/gruenderpreis-bioed-300x215.jpg 300w, https:\/\/content.lis-beth.de\/wp-content\/uploads\/2022\/04\/gruenderpreis-bioed-768x551.jpg 768w, https:\/\/content.lis-beth.de\/wp-content\/uploads\/2022\/04\/gruenderpreis-bioed-1536x1102.jpg 1536w, https:\/\/content.lis-beth.de\/wp-content\/uploads\/2022\/04\/gruenderpreis-bioed-600x431.jpg 600w, https:\/\/content.lis-beth.de\/wp-content\/uploads\/2022\/04\/gruenderpreis-bioed.jpg 1572w\" sizes=\"auto, (max-width: 1024px) 100vw, 1024px\" \/><figcaption><em>Fotografie: Wolfgang List<\/em><\/figcaption><\/figure>\n\n\n\n<p><em>v.l.n.r. Wirtschaftsministerin Dr. Nicole Hoffmeister-Kraut MdL, Virgil Ghizelea, Lisa Ghizelea, Ursula Ansel, Oliver Schoch stv. Vorstandsmitglied der Sparkasse Heilbronn, Sparkassenpr\u00e4sident Peter Schneider<\/em><\/p>\n\n\n<div class=\"mceTemp\">&nbsp;<\/div>\n<p>Der Sparkassenverband in Baden-W\u00fcrttemberg verleiht jedes Jahr f\u00fcr dem einer Gr\u00fcndung zugrunde liegenden Businessplan den &#8222;Gr\u00fcnderpreis Baden-W\u00fcrttemberg&#8220;.&nbsp;<\/p>\n<p>Lisa hat bei diesem Wettbewerb 2021 den dritten Platz gemacht und im Rahmen des Wettbewerbs u.a. den Dreh eines Imagefilm gewonnen. Darauf sind wir sehr stolz! Die feierliche Verleihung fand Ende September 2021 in Stuttgart statt.&nbsp;<\/p>\n<p>Mehr Infos:&nbsp;<\/p>\n<ul>\n<li><a href=\"https:\/\/www.sv-bw.de\/engagement\/gruenderpreis-baden-wuerttemberg\/gruenderpreis-2021\">Website Gr\u00fcnderpreis 2021 &#8211; SV Baden-W\u00fcrttemberg<\/a><\/li>\n<li><a href=\"https:\/\/www.stimme.de\/regional\/wirtschaft\/von-der-autoindustrie-zum-blumenladen-art-4547676\">&#8222;Vom Job in der Autoindustrie zum eigenen Blumenladen&#8220; &#8211; Artikel in der Heilbronner Stimme vom 25.10.2021<\/a><\/li>\n<\/ul>\n<p>&nbsp;<\/p>\n<p>Schaut euch den Imagefilm hier an:&nbsp;<\/p>\n<p>&nbsp;<\/p>\n\n\n<figure class=\"wp-block-embed is-type-video is-provider-youtube wp-block-embed-youtube wp-embed-aspect-16-9 wp-has-aspect-ratio\"><div class=\"wp-block-embed__wrapper\">\n<iframe loading=\"lazy\" title=\"Gr\u00fcnderpreis 2021: Lisbeth \u2013 Florale Werkstatt (3. Platz)\" width=\"780\" height=\"439\" src=\"https:\/\/www.youtube.com\/embed\/KrAl0SRKcTo?start=7&#038;feature=oembed\" frameborder=\"0\" allow=\"accelerometer; autoplay; clipboard-write; encrypted-media; gyroscope; picture-in-picture\" allowfullscreen><\/iframe>\n<\/div><\/figure>\n\n\n\n<p><\/p>\n","protected":false},"excerpt":{"rendered":"<p>v.l.n.r. Wirtschaftsministerin Dr. Nicole Hoffmeister-Kraut MdL, Virgil Ghizelea, Lisa Ghizelea, Ursula Ansel, Oliver Schoch stv. Vorstandsmitglied der Sparkasse Heilbronn, Sparkassenpr\u00e4sident [&hellip;]<\/p>\n","protected":false},"author":1,"featured_media":0,"parent":0,"menu_order":0,"comment_status":"closed","ping_status":"closed","template":"","meta":{"inline_featured_image":false,"ngg_post_thumbnail":0,"footnotes":""},"class_list":["post-2594","page","type-page","status-publish","hentry"],"_links":{"self":[{"href":"https:\/\/content.lis-beth.de\/index.php?rest_route=\/wp\/v2\/pages\/2594","targetHints":{"allow":["GET"]}}],"collection":[{"href":"https:\/\/content.lis-beth.de\/index.php?rest_route=\/wp\/v2\/pages"}],"about":[{"href":"https:\/\/content.lis-beth.de\/index.php?rest_route=\/wp\/v2\/types\/page"}],"author":[{"embeddable":true,"href":"https:\/\/content.lis-beth.de\/index.php?rest_route=\/wp\/v2\/users\/1"}],"replies":[{"embeddable":true,"href":"https:\/\/content.lis-beth.de\/index.php?rest_route=%2Fwp%2Fv2%2Fcomments&post=2594"}],"version-history":[{"count":10,"href":"https:\/\/content.lis-beth.de\/index.php?rest_route=\/wp\/v2\/pages\/2594\/revisions"}],"predecessor-version":[{"id":2613,"href":"https:\/\/content.lis-beth.de\/index.php?rest_route=\/wp\/v2\/pages\/2594\/revisions\/2613"}],"wp:attachment":[{"href":"https:\/\/content.lis-beth.de\/index.php?rest_route=%2Fwp%2Fv2%2Fmedia&parent=2594"}],"curies":[{"name":"wp","href":"https:\/\/api.w.org\/{rel}","templated":true}]}}