{"id":661,"date":"2019-12-05T14:56:24","date_gmt":"2019-12-05T14:56:24","guid":{"rendered":"http:\/\/content.lis-beth.de\/?page_id=661"},"modified":"2022-04-21T09:27:20","modified_gmt":"2022-04-21T09:27:20","slug":"die-werkstatt","status":"publish","type":"page","link":"https:\/\/content.lis-beth.de\/?page_id=661","title":{"rendered":"Die Werkstatt"},"content":{"rendered":"<div id=\"pl-gb661-69fea4865efcc\"  class=\"panel-layout\" ><div id=\"pg-gb661-69fea4865efcc-0\"  class=\"panel-grid panel-no-style\" ><div id=\"pgc-gb661-69fea4865efcc-0-0\"  class=\"panel-grid-cell\" ><div id=\"panel-gb661-69fea4865efcc-0-0-0\" class=\"so-panel widget widget_themegrill_flash_image tg-widget tg-image-widget panel-first-child panel-last-child\" data-index=\"0\" ><div class=\"tg-image-block\">\r\n\t\t\t<img decoding=\"async\" src=\"https:\/\/content.lis-beth.de\/wp-content\/uploads\/2022\/04\/DSC09472-scaled.jpg\" alt=\"\" \/>\r\n\t\t<\/div>\r\n<\/div><\/div><\/div><\/div>\n\n<p>&nbsp;<\/p>\n<p><\/p>\n<h4><font color=\"fd708f\">Herzlich Willkommen in unserer floralen Werkstatt! <\/font><\/h4>\n<p><font color=\"fd708f\"><br>\n<\/font><\/p>\n<p><font color=\"fd708f\"><\/font><\/p>\n<p align=\" justify\" =\"\"=\"\">Genie\u00dfe schon beim Eintreten den herrlichen Duft unserer Blumen und lass dich von unseren floralen Werkst\u00fccken verzaubern. Unser Gesch\u00e4ft soll zum Verweilen und St\u00f6bern einladen, ja, soll ein Ort sein an dem man sich wohlf\u00fchlt und gerne aufh\u00e4lt.<\/p>\n<p align=\"justify\">Wir haben unseren Bindebereich bewusst offen gestaltet. Damit hast du als Kunde die M\u00f6glichkeit unser Handwerk live mitzuerleben und dabei zu zuschauen, wie wir arbeiten und wie dein individuelles Werkst\u00fcck entsteht. Wir \u00fcben unseren Beruf mit viel Leidenschaft und Herz aus und m\u00f6chten dich gerne daran teilhaben lassen.<\/p>\n<p align=\"justify\">In unserer Beratungsecke kannst du dich von unseren Arbeiten inspirieren lassen und beispielsweise ganz in Ruhe in einem unserer Fotoalben bl\u00e4ttern. Gerne nehmen wir uns die Zeit dich individuell zu beraten und auf deine ganz pers\u00f6nlichen W\u00fcnsche einzugehen.<\/p>\n<p align=\"justify\">Du findest bei uns au\u00dferdem eine abwechslungsreiche Auswahl an Zierpflanzen f\u00fcr den Innen- und Au\u00dfenbereich. Gerne beraten wir dich hinsichtlich deren Pflege und optimalen Standortbedingungen. Abgerundet wird unser Sortiment durch sch\u00f6ne Accessoires, Dekorations- und Geschenkartikel. Bei uns gibt es immer etwas zu entdecken.<\/p>\n<p>Wir freuen uns auf deinen Besuch in Flein!<\/p>\n<p><\/p>\n\n\nngg_shortcode_0_placeholder\n","protected":false},"excerpt":{"rendered":"<p>&nbsp; Herzlich Willkommen in unserer floralen Werkstatt! Genie\u00dfe schon beim Eintreten den herrlichen Duft unserer Blumen und lass dich von [&hellip;]<\/p>\n","protected":false},"author":1,"featured_media":0,"parent":0,"menu_order":0,"comment_status":"closed","ping_status":"closed","template":"","meta":{"inline_featured_image":false,"ngg_post_thumbnail":0,"footnotes":""},"class_list":["post-661","page","type-page","status-publish","hentry"],"_links":{"self":[{"href":"https:\/\/content.lis-beth.de\/index.php?rest_route=\/wp\/v2\/pages\/661","targetHints":{"allow":["GET"]}}],"collection":[{"href":"https:\/\/content.lis-beth.de\/index.php?rest_route=\/wp\/v2\/pages"}],"about":[{"href":"https:\/\/content.lis-beth.de\/index.php?rest_route=\/wp\/v2\/types\/page"}],"author":[{"embeddable":true,"href":"https:\/\/content.lis-beth.de\/index.php?rest_route=\/wp\/v2\/users\/1"}],"replies":[{"embeddable":true,"href":"https:\/\/content.lis-beth.de\/index.php?rest_route=%2Fwp%2Fv2%2Fcomments&post=661"}],"version-history":[{"count":20,"href":"https:\/\/content.lis-beth.de\/index.php?rest_route=\/wp\/v2\/pages\/661\/revisions"}],"predecessor-version":[{"id":2506,"href":"https:\/\/content.lis-beth.de\/index.php?rest_route=\/wp\/v2\/pages\/661\/revisions\/2506"}],"wp:attachment":[{"href":"https:\/\/content.lis-beth.de\/index.php?rest_route=%2Fwp%2Fv2%2Fmedia&parent=661"}],"curies":[{"name":"wp","href":"https:\/\/api.w.org\/{rel}","templated":true}]}}