{"id":671,"date":"2019-12-05T15:06:49","date_gmt":"2019-12-05T15:06:49","guid":{"rendered":"http:\/\/content.lis-beth.de\/?page_id=671"},"modified":"2022-04-21T09:36:30","modified_gmt":"2022-04-21T09:36:30","slug":"was-uns-wichtig-ist","status":"publish","type":"page","link":"https:\/\/content.lis-beth.de\/?page_id=671","title":{"rendered":"Was uns wichtig ist"},"content":{"rendered":"<h4> <font color=\"fd7083\"> Kundenzufriedenheit<\/font><\/h4>\n<div align=\"justify\"> Ihr liebe Kunden und eure Zufriedenheit stehen f\u00fcr uns an erster Stelle. Wir stehen euch stets mit Rat und Tat zur Seite, gehen auf eure individuellen W\u00fcnsche ein und sind immer offen f\u00fcr neue Ideen. Wir wollen euch mit unserer Floristik und unserem Handwerk begeistern und mit unserer Werkstatt einen Ort schaffen, an dem ihr euch wohlf\u00fchlt.<\/p>\n<p>Wir freuen uns \u00fcber euer Feedback zu unseren Leistungen. Bitte teilt uns auch mit, wenn ihr einmal nicht zufrieden wart. Nur so k\u00f6nnen wir lernen und es beim n\u00e4chsten Mal besser machen!<\/p>\n<\/div>\n<p><center> &#x2665; <\/center><br \/>\n&nbsp;<\/p>\n<h4> <font color=\"fd7083\"> Qualit\u00e4t<\/font><\/h4>\n<div align=\"justify\"> Wir haben h\u00f6chste Qualit\u00e4tsanspr\u00fcche an unsere Blumen, Pflanzen und die darau\u00df entstehenden Arbeiten. Unsere floralen Werkst\u00fccke sind handwerklich einwandfrei und mit viel gestalterischem Feingef\u00fchl gearbeitet.<br \/>\n&nbsp;<br \/>\nBei unseren Schnittblumen spielt die Frische und damit verbundene Haltbarkeit eine essentielle Rolle. Wir gew\u00e4hren deshalb auf alle Schnittblumen Arrangements eine <b> 5-Tage Frischegarantie <\/b> bei Beachtung der entsprechenden Pflegehinweise.<br \/>\n&nbsp;<br \/>\nDamit ihr an unseren Pflanzen lange Freude habt, achten wir bei der Auswahl auf einen gesunden und kr\u00e4ftigen Wuchs. Gerne beraten wir euch hinsichtlich des optimalen Standorts und der Pflege eurer Pflanzen.<\/div>\n<p><center> &#x2665; <\/center><\/p>\n<h4> <font color=\"fd7083\"> Nachhaltigkeit<\/font><\/h4>\n<p><font color=\"fd7083\"><br \/>\n<\/font><font color=\"fd7083\"> <\/font><br \/>\n<center> <img decoding=\"async\" src=\"http:\/\/content.lis-beth.de\/wp-content\/uploads\/2020\/02\/Logo_IchbinvonHIER_R_NEU-1.png\"> <\/center><br \/>\n&nbsp;<\/p>\n<div align=\"justify\"> Wir setzen auf Blumen und Pflanzen regionaler G\u00e4rtnereien, vor allem im Sommerhalbjahr. Deshalb unterst\u00fctzen wir die Initiative <a href=\"https:\/\/www.ichbinvonhier.de\/\" target=\"blank\" rel=\"noopener noreferrer\"> &#8222;Ich bin von hier&#8220; <\/a> und kaufen u.a. auf dem Stuttgarter Blumengro\u00dfmarkt ein. Blumen und Pflanzen regional und saisonal einzukaufen hat viele Vorteile, beispielsweise:<br \/>\n&nbsp;<br \/>\n\u2022 <b> Kurze Transportwege <\/b>, die sich positiv auf Frische, Haltbarkeit und die \u00d6kobilanz auswirken<br \/>\n&nbsp;<br \/>\n\u2022 <b> Arbeitspl\u00e4tze in der Region <\/b><br \/>\n&nbsp;<br \/>\n\u2022 <b> Sicherung von Sozial- und Umweltstandards <\/b>, Produktion unter Beachtung des deutschen Arbeitsrechts und der hier g\u00fcltigen Sozialstandards, eines der weitreichendsten Pflanzenschutzrechte weltweit.<br \/>\n&nbsp;<br \/>\n&nbsp;Doch nat\u00fcrlich sind auch wir, \u00e4hnlich wie bei Obst und Gem\u00fcse im Winterhalbjahr, auf Importe aus anderen L\u00e4ndern angewiesen. Blumen und Pflanzen aus der Region kennzeichnen wir mit dem &#8222;Ich bin von hier&#8220; Label und lassen euch damit die Wahl und unterst\u00fctzen bewussten Konsum.<br \/>\n&nbsp;<br \/>\nWir versuchen <b> Verpackungen <\/b> auf ein Minimum zu reduzieren. Blumen und Pflanzen werden bei uns ausschlie\u00dflich in Papier verpackt, standardm\u00e4\u00dfig in <a href=\"http:\/\/www.graspapier.de\/\" target=\"blank\" rel=\"noopener noreferrer\"> Graspapier <\/a>. Zum Binden unserer Str\u00e4u\u00dfe verwenden wir ausschlie\u00dflich Bast aus Naturfasern.<\/div>\n<p><center> &#x2665; <\/center><\/p>\n<h4> <font color=\"fd7083\"> Weiterentwicklung &amp; Einsatz f\u00fcr unseren Berufstand<\/font><\/h4>\n<p><font color=\"fd7083\"><br \/>\n<\/font><font color=\"fd7083\"> <\/font><br \/>\n<center> <img decoding=\"async\" src=\"http:\/\/content.lis-beth.de\/wp-content\/uploads\/2020\/02\/fdf.jpg\"> <\/center><br \/>\n&nbsp;<\/p>\n<div align=\"justify\">\nWir entwickeln uns kontinuierlich weiter, bilden uns fort und haben stets ein Auge auf neue Entwicklungen unserer Branche und des Marktes. Hierf\u00fcr besuchen wir beispielsweise regelm\u00e4\u00dfig branchenrelevante Messen.<\/p>\n<p>Wir sind au\u00dferdem Mitglied im <a href=\"https:\/\/www.fdf.de\/\" target=\"blank\" rel=\"noopener noreferrer\"> Fachverband deutscher Floristen <\/a> und bieten die M\u00f6glichkeit im Rahmen einer dualen Berufsausbildung den Beruf des\/der Floristen\/Floristin zu erlernen. Sprich uns bei Interesse gerne an!<\/p>\n<\/div>\n<p><center> &#x2665; <\/center><br \/>\n&nbsp;<\/p>\n<h4> <font color=\"fd7083\"> Einfach Lisbeth<\/font><\/h4>\n<div align=\"justify\">\nAuthentisch, sympatisch und mit viel Herz bei der Arbeit. Wir sind Lisbeth und bei uns steht der Mensch im Mittelpunkt. Wir konzentrieren uns auf das, was wir gut k\u00f6nnen und gerne machen. Was wir (noch) nicht k\u00f6nnen, erlernen wir neugierig oder lassen es ganz bleiben.<\/div>\n<p><center> &#x2665; <\/center><\/p>\n","protected":false},"excerpt":{"rendered":"<p>Kundenzufriedenheit Ihr liebe Kunden und eure Zufriedenheit stehen f\u00fcr uns an erster Stelle. Wir stehen euch stets mit Rat und [&hellip;]<\/p>\n","protected":false},"author":1,"featured_media":0,"parent":665,"menu_order":0,"comment_status":"closed","ping_status":"closed","template":"","meta":{"inline_featured_image":false,"ngg_post_thumbnail":0,"footnotes":""},"class_list":["post-671","page","type-page","status-publish","hentry"],"_links":{"self":[{"href":"https:\/\/content.lis-beth.de\/index.php?rest_route=\/wp\/v2\/pages\/671","targetHints":{"allow":["GET"]}}],"collection":[{"href":"https:\/\/content.lis-beth.de\/index.php?rest_route=\/wp\/v2\/pages"}],"about":[{"href":"https:\/\/content.lis-beth.de\/index.php?rest_route=\/wp\/v2\/types\/page"}],"author":[{"embeddable":true,"href":"https:\/\/content.lis-beth.de\/index.php?rest_route=\/wp\/v2\/users\/1"}],"replies":[{"embeddable":true,"href":"https:\/\/content.lis-beth.de\/index.php?rest_route=%2Fwp%2Fv2%2Fcomments&post=671"}],"version-history":[{"count":28,"href":"https:\/\/content.lis-beth.de\/index.php?rest_route=\/wp\/v2\/pages\/671\/revisions"}],"predecessor-version":[{"id":2511,"href":"https:\/\/content.lis-beth.de\/index.php?rest_route=\/wp\/v2\/pages\/671\/revisions\/2511"}],"up":[{"embeddable":true,"href":"https:\/\/content.lis-beth.de\/index.php?rest_route=\/wp\/v2\/pages\/665"}],"wp:attachment":[{"href":"https:\/\/content.lis-beth.de\/index.php?rest_route=%2Fwp%2Fv2%2Fmedia&parent=671"}],"curies":[{"name":"wp","href":"https:\/\/api.w.org\/{rel}","templated":true}]}}