{"id":697,"date":"2019-12-12T16:58:14","date_gmt":"2019-12-12T16:58:14","guid":{"rendered":"http:\/\/content.lis-beth.de\/?page_id=697"},"modified":"2024-01-07T17:15:54","modified_gmt":"2024-01-07T17:15:54","slug":"das-team","status":"publish","type":"page","link":"https:\/\/content.lis-beth.de\/?page_id=697","title":{"rendered":"Das Team"},"content":{"rendered":"\n<figure class=\"wp-block-image size-large\"><img decoding=\"async\" src=\"https:\/\/content.lis-beth.de\/wp-content\/uploads\/2024\/01\/Header-Team.jpg\" alt=\"\" class=\"wp-image-2428\"\/><\/figure>\n\n\n<p>&nbsp;<\/p>\n<h4><font color=\"fd7083\">&#8222;W\u00e4hle einen Beruf, den du liebst, und du brauchst keinen Tag in deinem Leben mehr zu arbeiten&#8220;&nbsp; <em>Konfuzius<\/em><\/font><\/h4>\n<p><span style=\"color: fd7083;\">&nbsp;<\/span><\/p>\n<p>&nbsp;<\/p>\n\n<div id=\"pl-gb697-69fb39debd10a\"  class=\"panel-layout\" ><div id=\"pg-gb697-69fb39debd10a-0\"  class=\"panel-grid panel-no-style\" ><div id=\"pgc-gb697-69fb39debd10a-0-0\"  class=\"panel-grid-cell\" ><div id=\"panel-gb697-69fb39debd10a-0-0-0\" class=\"so-panel widget widget_themegrill_flash_team tg-widget tg-single-team panel-first-child\" data-index=\"0\" ><div class=\"tg-team-widget tg-team-layout-1\">\r\n\t<div class=\"team-wrapper\">\r\n\t\t\t\t\t<div class=\"team-img\">\r\n\t\t\t\t\t\t\t\t\t\t\t\t<img decoding=\"async\" src=\"https:\/\/content.lis-beth.de\/wp-content\/uploads\/2022\/04\/lisa_neu-1-scaled.jpg\" alt=\"Lisa\" \/>\r\n\t\t\t<\/div>\r\n\t\t\t\t<div class=\"team-content-wrapper\">\r\n\t\t\t<div class=\"team-desc-wrapper\">\r\n\t\t\t\t<h3 class=\"team-title\">Lisa<\/h3>\r\n\t\t\t\t<div class=\"team-designation\">Inhaberin, Floristin<\/div>\r\n\t\t\t\t<div class=\"team-content\">Kreativer Kopf, Floristin und studierte Betriebswirtin, &#8222;work with heart not just hard&#8220;<\/div>\r\n\t\t\t\t\t\t\t<\/div>\r\n\t\t<\/div>\r\n\t<\/div>\r\n<\/div>\r\n<\/div><div id=\"panel-gb697-69fb39debd10a-0-0-1\" class=\"so-panel widget widget_themegrill_flash_team tg-widget tg-single-team panel-last-child\" data-index=\"1\" ><div class=\"tg-team-widget tg-team-layout-1\">\r\n\t<div class=\"team-wrapper\">\r\n\t\t\t\t\t<div class=\"team-img\">\r\n\t\t\t\t\t\t\t\t\t\t\t\t<img decoding=\"async\" src=\"https:\/\/content.lis-beth.de\/wp-content\/uploads\/2022\/04\/janine_neu-scaled.jpg\" alt=\"Janine\" \/>\r\n\t\t\t<\/div>\r\n\t\t\t\t<div class=\"team-content-wrapper\">\r\n\t\t\t<div class=\"team-desc-wrapper\">\r\n\t\t\t\t<h3 class=\"team-title\">Janine<\/h3>\r\n\t\t\t\t<div class=\"team-designation\">Floristin<\/div>\r\n\t\t\t\t<div class=\"team-content\">Unsere flei\u00dfige Biene und &#8222;Schaffere&#8220;, Organisationstalent, sorgt immer f\u00fcr gute Laune im Team<\/div>\r\n\t\t\t\t\t\t\t<\/div>\r\n\t\t<\/div>\r\n\t<\/div>\r\n<\/div>\r\n<\/div><\/div><div id=\"pgc-gb697-69fb39debd10a-0-1\"  class=\"panel-grid-cell\" ><div id=\"panel-gb697-69fb39debd10a-0-1-0\" class=\"so-panel widget widget_themegrill_flash_team tg-widget tg-single-team panel-first-child\" data-index=\"2\" ><div class=\"tg-team-widget tg-team-layout-1\">\r\n\t<div class=\"team-wrapper\">\r\n\t\t\t\t\t<div class=\"team-img\">\r\n\t\t\t\t\t\t\t\t\t\t\t\t<img decoding=\"async\" src=\"https:\/\/content.lis-beth.de\/wp-content\/uploads\/2022\/04\/ursula_neu-scaled.jpg\" alt=\"Ursula\" \/>\r\n\t\t\t<\/div>\r\n\t\t\t\t<div class=\"team-content-wrapper\">\r\n\t\t\t<div class=\"team-desc-wrapper\">\r\n\t\t\t\t<h3 class=\"team-title\">Ursula<\/h3>\r\n\t\t\t\t<div class=\"team-designation\">Floristin<\/div>\r\n\t\t\t\t<div class=\"team-content\">Lisa&#8217;s Mama, unsere Floristin mit langj\u00e4hriger Erfahrung und viel gestalterischem Feingef\u00fchl<\/div>\r\n\t\t\t\t\t\t\t<\/div>\r\n\t\t<\/div>\r\n\t<\/div>\r\n<\/div>\r\n<\/div><div id=\"panel-gb697-69fb39debd10a-0-1-1\" class=\"so-panel widget widget_themegrill_flash_team tg-widget tg-single-team panel-last-child\" data-index=\"3\" ><div class=\"tg-team-widget tg-team-layout-1\">\r\n\t<div class=\"team-wrapper\">\r\n\t\t\t\t\t<div class=\"team-img\">\r\n\t\t\t\t\t\t\t\t\t\t\t\t<img decoding=\"async\" src=\"https:\/\/content.lis-beth.de\/wp-content\/uploads\/2022\/04\/chrissy-scaled.jpg\" alt=\"Christine\" \/>\r\n\t\t\t<\/div>\r\n\t\t\t\t<div class=\"team-content-wrapper\">\r\n\t\t\t<div class=\"team-desc-wrapper\">\r\n\t\t\t\t<h3 class=\"team-title\">Christine<\/h3>\r\n\t\t\t\t<div class=\"team-designation\">Floristin<\/div>\r\n\t\t\t\t<div class=\"team-content\"> Nachwuchstalent mit Wurzeln im hohen Norden und gro\u00dfe Bereicherung f\u00fcr unser Team!<\/div>\r\n\t\t\t\t\t\t\t<\/div>\r\n\t\t<\/div>\r\n\t<\/div>\r\n<\/div>\r\n<\/div><\/div><div id=\"pgc-gb697-69fb39debd10a-0-2\"  class=\"panel-grid-cell\" ><div id=\"panel-gb697-69fb39debd10a-0-2-0\" class=\"so-panel widget widget_themegrill_flash_team tg-widget tg-single-team panel-first-child panel-last-child\" data-index=\"4\" ><div class=\"tg-team-widget tg-team-layout-1\">\r\n\t<div class=\"team-wrapper\">\r\n\t\t\t\t\t<div class=\"team-img\">\r\n\t\t\t\t\t\t\t\t\t\t\t\t<img decoding=\"async\" src=\"https:\/\/content.lis-beth.de\/wp-content\/uploads\/2022\/04\/mira-scaled.jpg\" alt=\"Mira\" \/>\r\n\t\t\t<\/div>\r\n\t\t\t\t<div class=\"team-content-wrapper\">\r\n\t\t\t<div class=\"team-desc-wrapper\">\r\n\t\t\t\t<h3 class=\"team-title\">Mira<\/h3>\r\n\t\t\t\t<div class=\"team-designation\">Aushilfe<\/div>\r\n\t\t\t\t<div class=\"team-content\">Unsere gute Fee, die unsere Blumen und Pflanzen zu euch liefert und das Team entlastet und unterst\u00fctzt<\/div>\r\n\t\t\t\t\t\t\t<\/div>\r\n\t\t<\/div>\r\n\t<\/div>\r\n<\/div>\r\n<\/div><\/div><\/div><\/div>\n\n<p> &nbsp; <\/p>\n<\/p>\n<p><center> <img decoding=\"async\" src=\"https:\/\/content.lis-beth.de\/wp-content\/uploads\/2022\/04\/yoda.jpg\"><\/p>\n<p><font color=\"fda4a7\"> <b>  Hallo, mein Name ist Yoda! <\/b> <\/font> <br \/>\nLisa ist mein Frauchen und deshalb darf ich auch \u00f6fters im Laden rumh\u00e4ngen. Ja, ich gebe zu ich bin ein kleiner Angsthase aber eben auch ganz sch\u00f6n neugierig. Am liebsten liege ich im Schaufenster faul in der Sonne oder heimse Streicheleinheiten von euch Kunden ein. Auch meine F\u00e4higkeiten als Wachhund stelle ich ab und zu unter Beweis, klein aber oho!<br \/>\n&nbsp; Bis ganz bald, Euer Yoda  <\/p>\n<\/p>\n<p><\/center><\/p>","protected":false},"excerpt":{"rendered":"<p>&nbsp; &#8222;W\u00e4hle einen Beruf, den du liebst, und du brauchst keinen Tag in deinem Leben mehr zu arbeiten&#8220;&nbsp; Konfuzius &nbsp; [&hellip;]<\/p>\n","protected":false},"author":1,"featured_media":0,"parent":0,"menu_order":0,"comment_status":"closed","ping_status":"closed","template":"","meta":{"inline_featured_image":false,"ngg_post_thumbnail":0,"footnotes":""},"class_list":["post-697","page","type-page","status-publish","hentry"],"_links":{"self":[{"href":"https:\/\/content.lis-beth.de\/index.php?rest_route=\/wp\/v2\/pages\/697","targetHints":{"allow":["GET"]}}],"collection":[{"href":"https:\/\/content.lis-beth.de\/index.php?rest_route=\/wp\/v2\/pages"}],"about":[{"href":"https:\/\/content.lis-beth.de\/index.php?rest_route=\/wp\/v2\/types\/page"}],"author":[{"embeddable":true,"href":"https:\/\/content.lis-beth.de\/index.php?rest_route=\/wp\/v2\/users\/1"}],"replies":[{"embeddable":true,"href":"https:\/\/content.lis-beth.de\/index.php?rest_route=%2Fwp%2Fv2%2Fcomments&post=697"}],"version-history":[{"count":30,"href":"https:\/\/content.lis-beth.de\/index.php?rest_route=\/wp\/v2\/pages\/697\/revisions"}],"predecessor-version":[{"id":8564,"href":"https:\/\/content.lis-beth.de\/index.php?rest_route=\/wp\/v2\/pages\/697\/revisions\/8564"}],"wp:attachment":[{"href":"https:\/\/content.lis-beth.de\/index.php?rest_route=%2Fwp%2Fv2%2Fmedia&parent=697"}],"curies":[{"name":"wp","href":"https:\/\/api.w.org\/{rel}","templated":true}]}}