{"id":700,"date":"2019-12-12T17:04:22","date_gmt":"2019-12-12T17:04:22","guid":{"rendered":"http:\/\/content.lis-beth.de\/?page_id=700"},"modified":"2026-01-12T17:18:53","modified_gmt":"2026-01-12T17:18:53","slug":"hochzeitsfloristik","status":"publish","type":"page","link":"https:\/\/content.lis-beth.de\/?page_id=700","title":{"rendered":"Hochzeitsfloristik"},"content":{"rendered":"<div id=\"pl-gb700-69fb386e174e9\"  class=\"panel-layout\" ><div id=\"pg-gb700-69fb386e174e9-0\"  class=\"panel-grid panel-no-style\" ><div id=\"pgc-gb700-69fb386e174e9-0-0\"  class=\"panel-grid-cell\" ><div id=\"panel-gb700-69fb386e174e9-0-0-0\" class=\"so-panel widget widget_themegrill_flash_image tg-widget tg-image-widget panel-first-child panel-last-child\" data-index=\"0\" ><div class=\"tg-image-block\">\r\n\t\t\t<img decoding=\"async\" src=\"http:\/\/content.lis-beth.de\/wp-content\/uploads\/2019\/12\/header_weddings.jpg\" alt=\"\" \/>\r\n\t\t<\/div>\r\n<\/div><\/div><\/div><\/div>\n\n<div align=\"right\"><em> Fotografie: <a href=\"https:\/\/www.franzimolina.de\/\" target=\"blank\" rel=\"noopener noreferrer\"> Franziska Molina <\/a> <\/em><\/div>\n<p>&nbsp;<\/p>\n<h4><span style=\"color: fd7083;\">&#8222;Liebe ist nur ein Wort, bis jemand kommt, der ihm eine Bedeutung gibt.&#8220;<\/span><\/h4>\n<p>&nbsp;<\/p>\n<p>Liebes Brautpaar,<\/p>\n<p>wie sch\u00f6n, dass ihr euch traut!<\/p>\n<p align=\"justify\">Die Hochzeitsfloristik liegt uns bei Lisbeth ganz besonders am Herzen. Wir freuen uns, dass ihr euch f\u00fcr die florale Gestaltung eures gro\u00dfen Tages durch unser Team interessiert. F\u00fcr uns ist jede Hochzeit, die wir mit unseren Blumen begleiten d\u00fcrfen, etwas ganz Besonderes. Wir sch\u00e4tzen das uns von unseren Brautpaaren entgegengebrachte Vertrauen sehr.<\/p>\n<p align=\"justify\">Eure individuellen W\u00fcnsche und Vorstellungen sind uns hierbei sehr wichtig. In einem Beratungsgespr\u00e4ch finden wir gemeinsam heraus, was euch gef\u00e4llt und euren Vorstellungen entspricht. Vielleicht habt ihr bereits ein Motto f\u00fcr eure Hochzeit und ein bestimmtes Bild im Kopf. Vielleicht m\u00f6chtet ihr euch aber auch gerne auf unsere Ideen und Erfahrung verlassen. Wir sind offen und f\u00fcr euch da.<\/p>\n<p align=\"justify\">Damit wir uns in Ruhe Zeit f\u00fcr euch nehmen k\u00f6nnen, bitten wir um die Vereinbarung eines <b>Termins<\/b>. Hierzu k\u00f6nnt ihr gerne das Kontaktformular unten nutzen oder uns telefonisch\/pers\u00f6nlich in unserem Gesch\u00e4ft kontaktieren. Gerne senden wir euch zur Orientierung auch unsere aktuelle Preisliste zu.<\/p>\n<p>Wir freuen uns auf euch!<\/p>\n<p>&nbsp; &#x2665;<\/p>\n<p><em> Kontaktformular: <\/em><\/p>\n<div class=\"everest-forms\"><div class=\"evf-container default\" id=\"evf-946\"><form id=\"evf-form-946\" class=\"everest-form\" data-formid=\"946\" data-ajax_submission=\"0\" data-keyboard_friendly_form=\"0\" data-form_state_type=\"\" method=\"post\" enctype=\"multipart\/form-data\" action=\"\/index.php?rest_route=%2Fwp%2Fv2%2Fpages%2F700\"><div class=\"evf-field-container\"><input type=\"hidden\" id=\"_wpnonce946\" name=\"_wpnonce946\" value=\"2d8c14eb99\" \/><input type=\"hidden\" name=\"_wp_http_referer\" value=\"\/index.php?rest_route=%2Fwp%2Fv2%2Fpages%2F700\" \/><div class=\"evf-frontend-row\" data-row=\"row_1\" conditional_rules=\"[]\"><div class=\"evf-frontend-grid evf-grid-1\" data-grid=\"grid_1\"><div id=\"evf-946-field_u1vf6m3RGm-1-container\" class=\"evf-field evf-field-first-name form-row validate-required\" data-required-field-message=\"This field is required.\" data-field-id=\"u1vf6m3RGm-1\"><label class=\"evf-field-label\" for=\"evf-946-field_u1vf6m3RGm-1\"><span class=\"evf-label\">Name:<\/span> <abbr class=\"required\" title=\"Required\">*<\/abbr><\/label><input type=\"text\" id=\"evf-946-field_u1vf6m3RGm-1\" class=\"input-text\" name=\"everest_forms[form_fields][u1vf6m3RGm-1]\" required><\/div><div id=\"evf-946-field_WcZFTlkPfo-12-container\" class=\"evf-field evf-field-first-name form-row validate-required\" data-required-field-message=\"This field is required.\" data-field-id=\"WcZFTlkPfo-12\"><label class=\"evf-field-label\" for=\"evf-946-field_WcZFTlkPfo-12\"><span class=\"evf-label\">Adresse: (Stra\u00dfe Nr., PLZ, Ort)<\/span> <abbr class=\"required\" title=\"Required\">*<\/abbr><\/label><input type=\"text\" id=\"evf-946-field_WcZFTlkPfo-12\" class=\"input-text\" name=\"everest_forms[form_fields][WcZFTlkPfo-12]\" required><\/div><div id=\"evf-946-field_NSj8p88JJC-9-container\" class=\"evf-field evf-field-email form-row validate-required validate-email\" data-required-field-message=\"Please enter a valid email address.\" data-field-id=\"NSj8p88JJC-9\"><label class=\"evf-field-label\" for=\"evf-946-field_NSj8p88JJC-9\"><span class=\"evf-label\">E-Mail:<\/span> <abbr class=\"required\" title=\"Required\">*<\/abbr><\/label><input type=\"email\" id=\"evf-946-field_NSj8p88JJC-9\" class=\"input-text\" name=\"everest_forms[form_fields][NSj8p88JJC-9]\" required ><\/div><div id=\"evf-946-field_Q0mD4YbToG-3-container\" class=\"evf-field evf-field-text form-row validate-required\" data-required-field-message=\"This field is required.\" data-field-id=\"Q0mD4YbToG-3\"><label class=\"evf-field-label\" for=\"evf-946-field_Q0mD4YbToG-3\"><span class=\"evf-label\">Telefon:<\/span> <abbr class=\"required\" title=\"Required\">*<\/abbr><\/label><input type=\"text\" id=\"evf-946-field_Q0mD4YbToG-3\" class=\"input-text\" name=\"everest_forms[form_fields][Q0mD4YbToG-3]\" required><\/div><div id=\"evf-946-field_Z0pu0rPRtW-10-container\" class=\"evf-field evf-field-checkbox form-row validate-required\" data-required-field-message=\"This field is required.\" data-field-id=\"Z0pu0rPRtW-10\"><label class=\"evf-field-label\" for=\"evf-946-field_Z0pu0rPRtW-10\"><span class=\"evf-label\">Ich interessiere mich f\u00fcr:<\/span> <abbr class=\"required\" title=\"Required\">*<\/abbr><\/label><ul id=\"evf-946-field_Z0pu0rPRtW-10\" class=\" evf-field-required\"><li class=\"choice-1 depth-1\"><input type=\"checkbox\" id=\"evf-946-field_Z0pu0rPRtW-10_1\" class=\"input-text\" name=\"everest_forms[form_fields][Z0pu0rPRtW-10][]\" value=\"Brautstrau\u00df\/Wurfstrau\u00df\" required ><label class=\"everest-forms-field-label-inline\" for=\"evf-946-field_Z0pu0rPRtW-10_1\">Brautstrau\u00df\/Wurfstrau\u00df<\/label><\/li><li class=\"choice-2 depth-1\"><input type=\"checkbox\" id=\"evf-946-field_Z0pu0rPRtW-10_2\" class=\"input-text\" name=\"everest_forms[form_fields][Z0pu0rPRtW-10][]\" value=\"Anstecker\" required ><label class=\"everest-forms-field-label-inline\" for=\"evf-946-field_Z0pu0rPRtW-10_2\">Anstecker<\/label><\/li><li class=\"choice-3 depth-1\"><input type=\"checkbox\" id=\"evf-946-field_Z0pu0rPRtW-10_3\" class=\"input-text\" name=\"everest_forms[form_fields][Z0pu0rPRtW-10][]\" value=\"Haarschmuck\" required ><label class=\"everest-forms-field-label-inline\" for=\"evf-946-field_Z0pu0rPRtW-10_3\">Haarschmuck<\/label><\/li><li class=\"choice-4 depth-1\"><input type=\"checkbox\" id=\"evf-946-field_Z0pu0rPRtW-10_4\" class=\"input-text\" name=\"everest_forms[form_fields][Z0pu0rPRtW-10][]\" value=\"Blumendekoration Trauung\" required ><label class=\"everest-forms-field-label-inline\" for=\"evf-946-field_Z0pu0rPRtW-10_4\">Blumendekoration Trauung<\/label><\/li><li class=\"choice-5 depth-1\"><input type=\"checkbox\" id=\"evf-946-field_Z0pu0rPRtW-10_5\" class=\"input-text\" name=\"everest_forms[form_fields][Z0pu0rPRtW-10][]\" value=\"Autoschmuck\" required ><label class=\"everest-forms-field-label-inline\" for=\"evf-946-field_Z0pu0rPRtW-10_5\">Autoschmuck<\/label><\/li><li class=\"choice-6 depth-1\"><input type=\"checkbox\" id=\"evf-946-field_Z0pu0rPRtW-10_6\" class=\"input-text\" name=\"everest_forms[form_fields][Z0pu0rPRtW-10][]\" value=\"Tischdekoration\" required ><label class=\"everest-forms-field-label-inline\" for=\"evf-946-field_Z0pu0rPRtW-10_6\">Tischdekoration<\/label><\/li><li class=\"choice-7 depth-1\"><input type=\"checkbox\" id=\"evf-946-field_Z0pu0rPRtW-10_7\" class=\"input-text\" name=\"everest_forms[form_fields][Z0pu0rPRtW-10][]\" value=\"Brautjungfernaccessoires (Corsage, Kopfkranz, Strau\u00df...)\" required ><label class=\"everest-forms-field-label-inline\" for=\"evf-946-field_Z0pu0rPRtW-10_7\">Brautjungfernaccessoires (Corsage, Kopfkranz, Strau\u00df...)<\/label><\/li><li class=\"choice-8 depth-1\"><input type=\"checkbox\" id=\"evf-946-field_Z0pu0rPRtW-10_8\" class=\"input-text\" name=\"everest_forms[form_fields][Z0pu0rPRtW-10][]\" value=\"Sonstige Accessoires\" required ><label class=\"everest-forms-field-label-inline\" for=\"evf-946-field_Z0pu0rPRtW-10_8\">Sonstige Accessoires<\/label><\/li><\/ul><\/div><\/div><\/div><div class=\"evf-frontend-row\" data-row=\"row_4\" conditional_rules=\"[]\"><div class=\"evf-frontend-grid evf-grid-1\" data-grid=\"grid_1\"><div id=\"evf-946-field_h6RfVjG6H6-17-container\" class=\"evf-field evf-field-select form-row validate-required\" data-required-field-message=\"This field is required.\" data-field-id=\"h6RfVjG6H6-17\"><label class=\"evf-field-label\" for=\"evf-946-field_h6RfVjG6H6-17\"><span class=\"evf-label\">Verf\u00fcgbares Budget:<\/span> <abbr class=\"required\" title=\"Required\">*<\/abbr><\/label><select id=\"evf-946-field_h6RfVjG6H6-17\" class=\"input-text evf-field-required\" name=\"everest_forms[form_fields][h6RfVjG6H6-17]\" required=\"required\" ><option value=\"&lt; \u20ac 1.000,-\" >&lt; \u20ac 1.000,-<\/option><option value=\"\u20ac 1.000 - 2.500,-\" >\u20ac 1.000 - 2.500,-<\/option><option value=\"&gt; \u20ac 2.500,-\" >&gt; \u20ac 2.500,-<\/option><\/select><\/div><\/div><\/div><div class=\"evf-frontend-row\" data-row=\"row_2\" conditional_rules=\"[]\"><div class=\"evf-frontend-grid evf-grid-1\" data-grid=\"grid_1\"><div id=\"evf-946-field_f2KxlbcQLK-5-container\" class=\"evf-field evf-field-date-time form-row\" data-field-id=\"f2KxlbcQLK-5\"><label class=\"evf-field-label\" for=\"evf-946-field_f2KxlbcQLK-5\"><span class=\"evf-label\">Termin eurer standesamtlichen Trauung:<\/span> <\/label><input type=\"text\" id=\"evf-946-field_f2KxlbcQLK-5\" class=\"flatpickr-field input-text\" name=\"everest_forms[form_fields][f2KxlbcQLK-5]\" data-time-interval=\"15\" data-date-time=\"date\" data-mode=\"single\" data-locale=\"en\" data-date-format=\"Y-m-d\"  ><\/div><div id=\"evf-946-field_dlXL4TEEQK-11-container\" class=\"evf-field evf-field-date-time form-row\" data-field-id=\"dlXL4TEEQK-11\"><label class=\"evf-field-label\" for=\"evf-946-field_dlXL4TEEQK-11\"><span class=\"evf-label\">Termin eurer kirchlichen\/freien Trauung:<\/span> <\/label><input type=\"text\" id=\"evf-946-field_dlXL4TEEQK-11\" class=\"flatpickr-field input-text\" name=\"everest_forms[form_fields][dlXL4TEEQK-11]\" data-time-interval=\"15\" data-date-time=\"date\" data-mode=\"single\" data-locale=\"en\" data-date-format=\"Y-m-d\"  ><div class=\"evf-field-description\">Bitte angeben, damit wir vorab unsere Kapazit\u00e4t pr\u00fcfen k\u00f6nnen.<\/div><\/div><div id=\"evf-946-field_1xH1BFvpXn-6-container\" class=\"evf-field evf-field-textarea form-row\" data-field-id=\"1xH1BFvpXn-6\"><label class=\"evf-field-label\" for=\"evf-946-field_1xH1BFvpXn-6\"><span class=\"evf-label\">Das ist mir sonst noch wichtig:<\/span> <\/label><textarea id=\"evf-946-field_1xH1BFvpXn-6\" class=\"input-text\" name=\"everest_forms[form_fields][1xH1BFvpXn-6]\"  ><\/textarea><\/div><\/div><\/div><div class=\"evf-frontend-row\" data-row=\"row_3\" conditional_rules=\"[]\"><div class=\"evf-frontend-grid evf-grid-1\" data-grid=\"grid_1\"><div id=\"evf-946-field_zAoqmzrg4e-7-container\" class=\"evf-field evf-field-checkbox form-row validate-required\" data-required-field-message=\"This field is required.\" data-field-id=\"zAoqmzrg4e-7\"><label class=\"evf-field-label\" for=\"evf-946-field_zAoqmzrg4e-7\"><span class=\"evf-label\">Datenschutzerkl\u00e4rung:<\/span> <abbr class=\"required\" title=\"Required\">*<\/abbr><\/label><ul id=\"evf-946-field_zAoqmzrg4e-7\" class=\" evf-field-required\"><li class=\"choice-1 depth-1\"><input type=\"checkbox\" id=\"evf-946-field_zAoqmzrg4e-7_1\" class=\"input-text\" name=\"everest_forms[form_fields][zAoqmzrg4e-7][]\" value=\"Ich habe die Datenschutzerkl\u00e4rung gelesen und bin damit einverstanden\" required ><label class=\"everest-forms-field-label-inline\" for=\"evf-946-field_zAoqmzrg4e-7_1\">Ich habe die Datenschutzerkl\u00e4rung gelesen und bin damit einverstanden<\/label><\/li><\/ul><\/div><\/div><\/div><\/div><div class=\"evf-honeypot-container evf-field-hp\"><label for=\"evf-946-field-hp\" class=\"evf-field-label\">Phone<\/label><input type=\"text\" name=\"everest_forms[hp]\" id=\"evf-946-field-hp\" class=\"input-text\"><\/div><div class=\"evf-submit-container \" ><input type=\"hidden\" name=\"everest_forms[id]\" value=\"946\"><input type=\"hidden\" name=\"everest_forms[author]\" value=\"1\"><button type='submit' name='everest_forms[submit]' class='everest-forms-submit-button button evf-submit ' id='evf-submit-946' value='evf-submit' data-process-text=\"Wird versendet...\" conditional_rules='&quot;&quot;' conditional_id='evf-submit-946'  id=\"evf-submit-946\" aria-live=\"assertive\">Senden<\/button><\/div><\/form><\/div><!-- .evf-container --><\/div>\n<p>&nbsp;<\/p>\n<p><em> Fotogalerie: <\/em> <span style=\"color: fd708f;\"> REAL COUPLES ONLY &#x2665; <\/span> Mehr Bilder findest du auf unserer <a href=\"https:\/\/www.instagram.com\/hallo_lisbeth\/\" target=\"_blank\" rel=\"noopener\"> Instagram <\/a> Seite<\/p>\n\n\nngg_shortcode_0_placeholder\n","protected":false},"excerpt":{"rendered":"<p>Fotografie: Franziska Molina &nbsp; &#8222;Liebe ist nur ein Wort, bis jemand kommt, der ihm eine Bedeutung gibt.&#8220; &nbsp; Liebes Brautpaar, [&hellip;]<\/p>\n","protected":false},"author":1,"featured_media":0,"parent":659,"menu_order":0,"comment_status":"closed","ping_status":"closed","template":"page-templates\/pagebuilder.php","meta":{"inline_featured_image":false,"ngg_post_thumbnail":0,"footnotes":""},"class_list":["post-700","page","type-page","status-publish","hentry"],"_links":{"self":[{"href":"https:\/\/content.lis-beth.de\/index.php?rest_route=\/wp\/v2\/pages\/700","targetHints":{"allow":["GET"]}}],"collection":[{"href":"https:\/\/content.lis-beth.de\/index.php?rest_route=\/wp\/v2\/pages"}],"about":[{"href":"https:\/\/content.lis-beth.de\/index.php?rest_route=\/wp\/v2\/types\/page"}],"author":[{"embeddable":true,"href":"https:\/\/content.lis-beth.de\/index.php?rest_route=\/wp\/v2\/users\/1"}],"replies":[{"embeddable":true,"href":"https:\/\/content.lis-beth.de\/index.php?rest_route=%2Fwp%2Fv2%2Fcomments&post=700"}],"version-history":[{"count":42,"href":"https:\/\/content.lis-beth.de\/index.php?rest_route=\/wp\/v2\/pages\/700\/revisions"}],"predecessor-version":[{"id":11515,"href":"https:\/\/content.lis-beth.de\/index.php?rest_route=\/wp\/v2\/pages\/700\/revisions\/11515"}],"up":[{"embeddable":true,"href":"https:\/\/content.lis-beth.de\/index.php?rest_route=\/wp\/v2\/pages\/659"}],"wp:attachment":[{"href":"https:\/\/content.lis-beth.de\/index.php?rest_route=%2Fwp%2Fv2%2Fmedia&parent=700"}],"curies":[{"name":"wp","href":"https:\/\/api.w.org\/{rel}","templated":true}]}}