{"id":704,"date":"2019-12-12T17:03:56","date_gmt":"2019-12-12T17:03:56","guid":{"rendered":"http:\/\/content.lis-beth.de\/?page_id=704"},"modified":"2024-11-02T16:54:52","modified_gmt":"2024-11-02T16:54:52","slug":"businessfloristik","status":"publish","type":"page","link":"https:\/\/content.lis-beth.de\/?page_id=704","title":{"rendered":"Businessfloristik"},"content":{"rendered":"<div id=\"pl-gb704-6a04b1dbac53b\"  class=\"panel-layout\" ><div id=\"pg-gb704-6a04b1dbac53b-0\"  class=\"panel-grid panel-no-style\" ><div id=\"pgc-gb704-6a04b1dbac53b-0-0\"  class=\"panel-grid-cell\" ><div id=\"panel-gb704-6a04b1dbac53b-0-0-0\" class=\"so-panel widget widget_themegrill_flash_image tg-widget tg-image-widget panel-first-child panel-last-child\" data-index=\"0\" ><div class=\"tg-image-block\">\r\n\t\t\t<img decoding=\"async\" src=\"http:\/\/content.lis-beth.de\/wp-content\/uploads\/2020\/02\/header_business-1-scaled.jpg\" alt=\"\" \/>\r\n\t\t<\/div>\r\n<\/div><\/div><\/div><\/div>\n\n<p align=\"justify\">&nbsp;<br>Blumen und Pflanzen schaffen es wie kein anderer Werkstoff einen Raum mit Atmosph\u00e4re zu f\u00fcllen. Ob f\u00fcr den Empfangsbereich, in B\u00fcror\u00e4umlichkeiten oder f\u00fcr eine Veranstaltung &#8211; wir sind gerne professioneller und zuverl\u00e4ssiger Ansprechpartner, wenn es um die florale Gestaltung im Unternehmensumfeld geht.<\/p>\n<p>Zu unseren Leistungen geh\u00f6ren:<\/p>\n<p>\u2022 W\u00f6chentliche Blumenlieferung f\u00fcr Empfang und B\u00fcror\u00e4umlichkeiten (<b><font color=\"deeppink\">Abonnement<\/font><\/b>)\n<p>\u2022 Blumenstr\u00e4u\u00dfe und Gestecke f\u00fcr Geburtstage, Jubil\u00e4en und Anl\u00e4sse jeder Art<\/p>\n<p>\u2022 Florale Gestaltung von Firmenevents (beispielsweise B\u00fchnen- und Saaldekoration, Tischdekoration)<\/p>\n<p>\u2022 Liefer- und Abholservice, Vermittlung von Blumenauftr\u00e4gen via Fleurop <\/p>\n<p>&nbsp;<\/p>\n<p>Gerne stehen wir pers\u00f6nlich in unserem Gesch\u00e4ft in Flein, per Telefon oder E-Mail zur Verf\u00fcgung.<\/p>\n<p>&nbsp;<\/p>\n<p><em> Fotogalerie: <\/em><\/p>\n\n\nngg_shortcode_0_placeholder\n","protected":false},"excerpt":{"rendered":"<p>&nbsp;Blumen und Pflanzen schaffen es wie kein anderer Werkstoff einen Raum mit Atmosph\u00e4re zu f\u00fcllen. Ob f\u00fcr den Empfangsbereich, in [&hellip;]<\/p>\n","protected":false},"author":1,"featured_media":0,"parent":0,"menu_order":0,"comment_status":"closed","ping_status":"closed","template":"","meta":{"inline_featured_image":false,"ngg_post_thumbnail":0,"footnotes":""},"class_list":["post-704","page","type-page","status-publish","hentry"],"_links":{"self":[{"href":"https:\/\/content.lis-beth.de\/index.php?rest_route=\/wp\/v2\/pages\/704","targetHints":{"allow":["GET"]}}],"collection":[{"href":"https:\/\/content.lis-beth.de\/index.php?rest_route=\/wp\/v2\/pages"}],"about":[{"href":"https:\/\/content.lis-beth.de\/index.php?rest_route=\/wp\/v2\/types\/page"}],"author":[{"embeddable":true,"href":"https:\/\/content.lis-beth.de\/index.php?rest_route=\/wp\/v2\/users\/1"}],"replies":[{"embeddable":true,"href":"https:\/\/content.lis-beth.de\/index.php?rest_route=%2Fwp%2Fv2%2Fcomments&post=704"}],"version-history":[{"count":13,"href":"https:\/\/content.lis-beth.de\/index.php?rest_route=\/wp\/v2\/pages\/704\/revisions"}],"predecessor-version":[{"id":11115,"href":"https:\/\/content.lis-beth.de\/index.php?rest_route=\/wp\/v2\/pages\/704\/revisions\/11115"}],"wp:attachment":[{"href":"https:\/\/content.lis-beth.de\/index.php?rest_route=%2Fwp%2Fv2%2Fmedia&parent=704"}],"curies":[{"name":"wp","href":"https:\/\/api.w.org\/{rel}","templated":true}]}}