{"id":846,"date":"2020-02-02T08:47:34","date_gmt":"2020-02-02T08:47:34","guid":{"rendered":"http:\/\/content.lis-beth.de\/?page_id=846"},"modified":"2022-04-21T09:32:06","modified_gmt":"2022-04-21T09:32:06","slug":"wer-ist-lisbeth","status":"publish","type":"page","link":"https:\/\/content.lis-beth.de\/?page_id=846","title":{"rendered":"Wer ist Lisbeth?"},"content":{"rendered":"<div id=\"pl-gb846-69fdde240d75e\"  class=\"panel-layout\" ><div id=\"pg-gb846-69fdde240d75e-0\"  class=\"panel-grid panel-no-style\" ><div id=\"pgc-gb846-69fdde240d75e-0-0\"  class=\"panel-grid-cell\" ><div id=\"panel-gb846-69fdde240d75e-0-0-0\" class=\"so-panel widget widget_themegrill_flash_image tg-widget tg-image-widget panel-first-child panel-last-child\" data-index=\"0\" ><div class=\"tg-image-block\">\r\n\t\t\t<img decoding=\"async\" src=\"http:\/\/content.lis-beth.de\/wp-content\/uploads\/2020\/02\/Header-Geschichte.jpg\" alt=\"\" \/>\r\n\t\t<\/div>\r\n<\/div><\/div><\/div><\/div>\n\n<p>&nbsp;<\/p>\n<h4> <font color=\"fd7083\"><b> Ja wer ist denn nun eigentlich diese Lisbeth? <\/b><p><\/p>\n<\/font><p><font color=\"fd7083\"><\/font><\/p>\n<p><font color=\"fd7083\"><\/font><\/p>\n<\/h4>\n<p align=\"justify\">Lisbeth, klar, das ist unser Gesch\u00e4ft, die Werkstatt und das sind wir, das Team. Aber hinter dem Namen steckt auch eine Geschichte und ein wenig Nostalgie.<\/p>\n<p align=\"justify\"><b>&#8222;Lisa&#8220;<\/b>, das ist der Vorname der Inhaberin von &#8222;Lisbeth -Florale Werkstatt&#8220;. <b>&#8222;Elisabeth&#8220;<\/b> ist der Vorname ihrer Oma Elisabeth Ansel, die gemeinsam mit ihrem Mann Lothar Ansel kurz nach dem zweiten Weltkrieg den Grundstein f\u00fcr die florale Familientradition legte. <b> &#8222;Lisbeth&#8220; <\/b> verbindet beide Namen und schl\u00e4gt somit eine Br\u00fccke zwischen beiden Generationen. Tradition und Moderne sind so vereint, damals wie heute schl\u00e4gt unser Herz f\u00fcr Blumen und Pflanzen.<\/p>\n<p><\/p>\n<p><\/p><center><img decoding=\"async\" src=\"http:\/\/content.lis-beth.de\/wp-content\/uploads\/2020\/02\/elisabeth_ansel.jpg\" border=\"1\"><br>\n&nbsp;<br> In lieber Erinnerung an Elisabeth Ansel *1919 \u20202007<p><\/p>\n<p><\/p>\n<p><\/p><\/center><p><\/p>\n","protected":false},"excerpt":{"rendered":"<p>&nbsp; Ja wer ist denn nun eigentlich diese Lisbeth? Lisbeth, klar, das ist unser Gesch\u00e4ft, die Werkstatt und das sind [&hellip;]<\/p>\n","protected":false},"author":1,"featured_media":0,"parent":0,"menu_order":0,"comment_status":"closed","ping_status":"closed","template":"","meta":{"inline_featured_image":false,"ngg_post_thumbnail":0,"footnotes":""},"class_list":["post-846","page","type-page","status-publish","hentry"],"_links":{"self":[{"href":"https:\/\/content.lis-beth.de\/index.php?rest_route=\/wp\/v2\/pages\/846","targetHints":{"allow":["GET"]}}],"collection":[{"href":"https:\/\/content.lis-beth.de\/index.php?rest_route=\/wp\/v2\/pages"}],"about":[{"href":"https:\/\/content.lis-beth.de\/index.php?rest_route=\/wp\/v2\/types\/page"}],"author":[{"embeddable":true,"href":"https:\/\/content.lis-beth.de\/index.php?rest_route=\/wp\/v2\/users\/1"}],"replies":[{"embeddable":true,"href":"https:\/\/content.lis-beth.de\/index.php?rest_route=%2Fwp%2Fv2%2Fcomments&post=846"}],"version-history":[{"count":17,"href":"https:\/\/content.lis-beth.de\/index.php?rest_route=\/wp\/v2\/pages\/846\/revisions"}],"predecessor-version":[{"id":2508,"href":"https:\/\/content.lis-beth.de\/index.php?rest_route=\/wp\/v2\/pages\/846\/revisions\/2508"}],"wp:attachment":[{"href":"https:\/\/content.lis-beth.de\/index.php?rest_route=%2Fwp%2Fv2%2Fmedia&parent=846"}],"curies":[{"name":"wp","href":"https:\/\/api.w.org\/{rel}","templated":true}]}}